{"id":50,"date":"2022-02-18T20:25:35","date_gmt":"2022-02-18T20:25:35","guid":{"rendered":"https:\/\/the-gassenhauers.de\/?page_id=50"},"modified":"2025-08-10T18:06:34","modified_gmt":"2025-08-10T18:06:34","slug":"termine","status":"publish","type":"page","link":"https:\/\/tunichtgutband.de\/index.php\/termine\/","title":{"rendered":"Termine"},"content":{"rendered":"\t\t<div data-elementor-type=\"wp-page\" data-elementor-id=\"50\" class=\"elementor elementor-50\">\n\t\t\t\t\t\t<section class=\"elementor-section elementor-top-section elementor-element elementor-element-730ea80 elementor-section-boxed elementor-section-height-default elementor-section-height-default\" data-id=\"730ea80\" data-element_type=\"section\" data-e-type=\"section\">\n\t\t\t\t\t\t<div class=\"elementor-container elementor-column-gap-default\">\n\t\t\t\t\t<div class=\"elementor-column elementor-col-100 elementor-top-column elementor-element elementor-element-e716cfc\" data-id=\"e716cfc\" data-element_type=\"column\" data-e-type=\"column\">\n\t\t\t<div class=\"elementor-widget-wrap elementor-element-populated\">\n\t\t\t\t\t\t<div class=\"elementor-element elementor-element-c111775 elementor-widget elementor-widget-heading\" data-id=\"c111775\" data-element_type=\"widget\" data-e-type=\"widget\" data-widget_type=\"heading.default\">\n\t\t\t\t<div class=\"elementor-widget-container\">\n\t\t\t\t\t<h3 class=\"elementor-heading-title elementor-size-default\">Aktuell<\/h3>\t\t\t\t<\/div>\n\t\t\t\t<\/div>\n\t\t\t\t\t<\/div>\n\t\t<\/div>\n\t\t\t\t\t<\/div>\n\t\t<\/section>\n\t\t\t\t<section class=\"elementor-section elementor-top-section elementor-element elementor-element-c379ef5 elementor-section-boxed elementor-section-height-default elementor-section-height-default\" data-id=\"c379ef5\" data-element_type=\"section\" data-e-type=\"section\">\n\t\t\t\t\t\t<div class=\"elementor-container elementor-column-gap-default\">\n\t\t\t\t\t<div class=\"elementor-column elementor-col-66 elementor-top-column elementor-element elementor-element-0b7a499\" data-id=\"0b7a499\" data-element_type=\"column\" data-e-type=\"column\" data-settings=\"{&quot;background_background&quot;:&quot;classic&quot;}\">\n\t\t\t<div class=\"elementor-widget-wrap elementor-element-populated\">\n\t\t\t\t\t\t<div class=\"elementor-element elementor-element-06784ac elementor-widget elementor-widget-text-editor\" data-id=\"06784ac\" data-element_type=\"widget\" data-e-type=\"widget\" data-widget_type=\"text-editor.default\">\n\t\t\t\t<div class=\"elementor-widget-container\">\n\t\t\t\t\t\t\t\t\t<ul style=\"list-style-position: outside; list-style-type: disc;\"><li>30.08.25 &#8211; Rookiefestival Sendenhorst<\/li><li>04.10.25 &#8211; B\u00dcZ Ahlen RECORDRELEASE<\/li><\/ul>\t\t\t\t\t\t\t\t<\/div>\n\t\t\t\t<\/div>\n\t\t\t\t\t<\/div>\n\t\t<\/div>\n\t\t\t\t<div class=\"elementor-column elementor-col-33 elementor-top-column elementor-element elementor-element-a012dc4\" data-id=\"a012dc4\" data-element_type=\"column\" data-e-type=\"column\">\n\t\t\t<div class=\"elementor-widget-wrap elementor-element-populated\">\n\t\t\t\t\t\t<div class=\"elementor-element elementor-element-376faea elementor-hidden-mobile elementor-widget elementor-widget-image\" data-id=\"376faea\" data-element_type=\"widget\" data-e-type=\"widget\" data-widget_type=\"image.default\">\n\t\t\t\t<div class=\"elementor-widget-container\">\n\t\t\t\t\t\t\t\t\t\t\t\t\t\t\t<img fetchpriority=\"high\" decoding=\"async\" width=\"960\" height=\"960\" src=\"https:\/\/tunichtgutband.de\/wp-content\/uploads\/2022\/02\/Gassenhauers-1024x1024.png\" class=\"attachment-large size-large wp-image-166\" alt=\"\" srcset=\"https:\/\/tunichtgutband.de\/wp-content\/uploads\/2022\/02\/Gassenhauers-1024x1024.png 1024w, https:\/\/tunichtgutband.de\/wp-content\/uploads\/2022\/02\/Gassenhauers-300x300.png 300w, https:\/\/tunichtgutband.de\/wp-content\/uploads\/2022\/02\/Gassenhauers-150x150.png 150w, https:\/\/tunichtgutband.de\/wp-content\/uploads\/2022\/02\/Gassenhauers-768x768.png 768w, https:\/\/tunichtgutband.de\/wp-content\/uploads\/2022\/02\/Gassenhauers-1140x1140.png 1140w, https:\/\/tunichtgutband.de\/wp-content\/uploads\/2022\/02\/Gassenhauers-75x75.png 75w, https:\/\/tunichtgutband.de\/wp-content\/uploads\/2022\/02\/Gassenhauers.png 1252w\" sizes=\"(max-width: 960px) 100vw, 960px\" \/>\t\t\t\t\t\t\t\t\t\t\t\t\t\t\t<\/div>\n\t\t\t\t<\/div>\n\t\t\t\t\t<\/div>\n\t\t<\/div>\n\t\t\t\t\t<\/div>\n\t\t<\/section>\n\t\t\t\t<section class=\"elementor-section elementor-top-section elementor-element elementor-element-75a97b5 elementor-section-boxed elementor-section-height-default elementor-section-height-default\" data-id=\"75a97b5\" data-element_type=\"section\" data-e-type=\"section\">\n\t\t\t\t\t\t<div class=\"elementor-container elementor-column-gap-default\">\n\t\t\t\t\t<div class=\"elementor-column elementor-col-100 elementor-top-column elementor-element elementor-element-d52ade3\" data-id=\"d52ade3\" data-element_type=\"column\" data-e-type=\"column\">\n\t\t\t<div class=\"elementor-widget-wrap elementor-element-populated\">\n\t\t\t\t\t\t<div class=\"elementor-element elementor-element-6c9a4dd elementor-widget elementor-widget-spacer\" data-id=\"6c9a4dd\" data-element_type=\"widget\" data-e-type=\"widget\" data-widget_type=\"spacer.default\">\n\t\t\t\t<div class=\"elementor-widget-container\">\n\t\t\t\t\t\t\t<div class=\"elementor-spacer\">\n\t\t\t<div class=\"elementor-spacer-inner\"><\/div>\n\t\t<\/div>\n\t\t\t\t\t\t<\/div>\n\t\t\t\t<\/div>\n\t\t\t\t\t<\/div>\n\t\t<\/div>\n\t\t\t\t\t<\/div>\n\t\t<\/section>\n\t\t\t\t<section class=\"elementor-section elementor-top-section elementor-element elementor-element-befb6d9 elementor-section-boxed elementor-section-height-default elementor-section-height-default\" data-id=\"befb6d9\" data-element_type=\"section\" data-e-type=\"section\">\n\t\t\t\t\t\t<div class=\"elementor-container elementor-column-gap-default\">\n\t\t\t\t\t<div class=\"elementor-column elementor-col-100 elementor-top-column elementor-element elementor-element-78b4069\" data-id=\"78b4069\" data-element_type=\"column\" data-e-type=\"column\">\n\t\t\t<div class=\"elementor-widget-wrap elementor-element-populated\">\n\t\t\t\t\t\t<div class=\"elementor-element elementor-element-3d7a967 elementor-widget elementor-widget-image\" data-id=\"3d7a967\" data-element_type=\"widget\" data-e-type=\"widget\" data-widget_type=\"image.default\">\n\t\t\t\t<div class=\"elementor-widget-container\">\n\t\t\t\t\t\t\t\t\t\t\t\t\t\t\t<img decoding=\"async\" width=\"960\" height=\"292\" src=\"https:\/\/tunichtgutband.de\/wp-content\/uploads\/2023\/05\/Gruppe1-1024x311.png\" class=\"attachment-large size-large wp-image-448\" alt=\"\" srcset=\"https:\/\/tunichtgutband.de\/wp-content\/uploads\/2023\/05\/Gruppe1-1024x311.png 1024w, https:\/\/tunichtgutband.de\/wp-content\/uploads\/2023\/05\/Gruppe1-300x91.png 300w, https:\/\/tunichtgutband.de\/wp-content\/uploads\/2023\/05\/Gruppe1-768x233.png 768w, https:\/\/tunichtgutband.de\/wp-content\/uploads\/2023\/05\/Gruppe1-1536x466.png 1536w, https:\/\/tunichtgutband.de\/wp-content\/uploads\/2023\/05\/Gruppe1-2048x622.png 2048w, https:\/\/tunichtgutband.de\/wp-content\/uploads\/2023\/05\/Gruppe1-1140x346.png 1140w\" sizes=\"(max-width: 960px) 100vw, 960px\" \/>\t\t\t\t\t\t\t\t\t\t\t\t\t\t\t<\/div>\n\t\t\t\t<\/div>\n\t\t\t\t\t<\/div>\n\t\t<\/div>\n\t\t\t\t\t<\/div>\n\t\t<\/section>\n\t\t\t\t<section class=\"elementor-section elementor-top-section elementor-element elementor-element-ebeb151 elementor-section-boxed elementor-section-height-default elementor-section-height-default\" data-id=\"ebeb151\" data-element_type=\"section\" data-e-type=\"section\">\n\t\t\t\t\t\t<div class=\"elementor-container elementor-column-gap-default\">\n\t\t\t\t\t<div class=\"elementor-column elementor-col-100 elementor-top-column elementor-element elementor-element-ae2a601\" data-id=\"ae2a601\" data-element_type=\"column\" data-e-type=\"column\">\n\t\t\t<div class=\"elementor-widget-wrap elementor-element-populated\">\n\t\t\t\t\t\t<div class=\"elementor-element elementor-element-6f87a82 elementor-widget elementor-widget-spacer\" data-id=\"6f87a82\" data-element_type=\"widget\" data-e-type=\"widget\" data-widget_type=\"spacer.default\">\n\t\t\t\t<div class=\"elementor-widget-container\">\n\t\t\t\t\t\t\t<div class=\"elementor-spacer\">\n\t\t\t<div class=\"elementor-spacer-inner\"><\/div>\n\t\t<\/div>\n\t\t\t\t\t\t<\/div>\n\t\t\t\t<\/div>\n\t\t\t\t\t<\/div>\n\t\t<\/div>\n\t\t\t\t\t<\/div>\n\t\t<\/section>\n\t\t\t\t<section class=\"elementor-section elementor-top-section elementor-element elementor-element-2e918a0 elementor-section-boxed elementor-section-height-default elementor-section-height-default\" data-id=\"2e918a0\" data-element_type=\"section\" data-e-type=\"section\">\n\t\t\t\t\t\t<div class=\"elementor-container elementor-column-gap-default\">\n\t\t\t\t\t<div class=\"elementor-column elementor-col-100 elementor-top-column elementor-element elementor-element-f8b34a6\" data-id=\"f8b34a6\" data-element_type=\"column\" data-e-type=\"column\">\n\t\t\t<div class=\"elementor-widget-wrap elementor-element-populated\">\n\t\t\t\t\t\t<div class=\"elementor-element elementor-element-46310b9 elementor-widget elementor-widget-toggle\" data-id=\"46310b9\" data-element_type=\"widget\" data-e-type=\"widget\" data-widget_type=\"toggle.default\">\n\t\t\t\t<div class=\"elementor-widget-container\">\n\t\t\t\t\t\t\t<div class=\"elementor-toggle\">\n\t\t\t\t\t\t\t<div class=\"elementor-toggle-item\">\n\t\t\t\t\t<div id=\"elementor-tab-title-7361\" class=\"elementor-tab-title\" data-tab=\"1\" role=\"button\" aria-controls=\"elementor-tab-content-7361\" aria-expanded=\"false\">\n\t\t\t\t\t\t\t\t\t\t\t\t<span class=\"elementor-toggle-icon elementor-toggle-icon-left\" aria-hidden=\"true\">\n\t\t\t\t\t\t\t\t\t\t\t\t\t\t\t<span class=\"elementor-toggle-icon-closed\"><i class=\"fas fa-caret-right\"><\/i><\/span>\n\t\t\t\t\t\t\t\t<span class=\"elementor-toggle-icon-opened\"><i class=\"elementor-toggle-icon-opened fas fa-caret-up\"><\/i><\/span>\n\t\t\t\t\t\t\t\t\t\t\t\t\t<\/span>\n\t\t\t\t\t\t\t\t\t\t\t\t<a class=\"elementor-toggle-title\" tabindex=\"0\">vergangene Shows<\/a>\n\t\t\t\t\t<\/div>\n\n\t\t\t\t\t<div id=\"elementor-tab-content-7361\" class=\"elementor-tab-content elementor-clearfix\" data-tab=\"1\" role=\"region\" aria-labelledby=\"elementor-tab-title-7361\"><h2><strong>2024<\/strong><\/h2><ul><li>16.03.24 &#8211;\u00a0 Ahlen, B\u00dcZ (St. Patrick&#8217;s Day)<\/li><li>12.04.24 &#8211; Ahlen, Lohnhalle (Rock am Schacht)<\/li><li>20.04.24 &#8211;\u00a0 Hamm, Pirates<\/li><li>06.07.24 &#8211;\u00a0 Ahlen, B\u00dcT (Ersatz f\u00fcr Wait for June)<\/li><\/ul><h2><strong>2023<\/strong><\/h2><ul><li>07.01. Hamburg, Bambi Galore (support f\u00fcr Taurus Ferus)<\/li><li>17.03. Ahlen, B\u00dcZ (St. Patrick&#8217;s Day)<\/li><\/ul><h2>2022<\/h2><ul><li>01.04. Oelde, alte Post (Oelde akustisch)<\/li><li>24.04. Beckum, Innenstadt (Stra\u00dfenmusikfestival)<\/li><li>17.06. Ahlen, JUK-Haus (Mini-Festival)<\/li><li>13.08. Ahlen, B\u00dcZ (Stadtteilfest NELHA)<\/li><li>20.-21.08. Osnabr\u00fcck, Ringwall (Mittelaltermarkt)<\/li><li>27.12. Ahlen, Jugendzentrum Ost (Helldorado)<\/li><\/ul><h2>2021<\/h2><ul><li>01.10. Ahlen, JUK-Haus (Open-Stage)<\/li><li>27.12. Ahlen, JUK-Haus (Corona-Livestream)<\/li><\/ul><\/div>\n\t\t\t\t<\/div>\n\t\t\t\t\t\t\t\t<\/div>\n\t\t\t\t\t\t<\/div>\n\t\t\t\t<\/div>\n\t\t\t\t\t<\/div>\n\t\t<\/div>\n\t\t\t\t\t<\/div>\n\t\t<\/section>\n\t\t\t\t<\/div>\n\t\t","protected":false},"excerpt":{"rendered":"<p>Aktuell 30.08.25 &#8211; Rookiefestival Sendenhorst 04.10.25 &#8211; B\u00dcZ Ahlen RECORDRELEASE vergangene Shows 2024 16.03.24 &#8211;\u00a0 Ahlen, B\u00dcZ (St. Patrick&#8217;s Day) 12.04.24 &#8211; Ahlen, Lohnhalle (Rock am Schacht) 20.04.24 &#8211;\u00a0 Hamm, Pirates 06.07.24 &#8211;\u00a0 Ahlen, B\u00dcT (Ersatz f\u00fcr Wait for June) 2023 07.01. Hamburg, Bambi Galore (support f\u00fcr Taurus Ferus) 17.03. Ahlen, B\u00dcZ (St. Patrick&#8217;s Day) 2022 01.04. Oelde, alte Post (Oelde akustisch) 24.04. Beckum, Innenstadt (Stra\u00dfenmusikfestival) 17.06. Ahlen, JUK-Haus (Mini-Festival) 13.08. Ahlen, B\u00dcZ (Stadtteilfest NELHA) 20.-21.08. Osnabr\u00fcck, Ringwall (Mittelaltermarkt) 27.12. Ahlen, Jugendzentrum Ost (Helldorado) 2021 01.10. Ahlen, JUK-Haus (Open-Stage) 27.12. Ahlen, JUK-Haus (Corona-Livestream)<\/p>\n","protected":false},"author":2,"featured_media":0,"parent":0,"menu_order":0,"comment_status":"closed","ping_status":"closed","template":"","meta":{"footnotes":""},"class_list":["post-50","page","type-page","status-publish","hentry"],"acf":[],"_links":{"self":[{"href":"https:\/\/tunichtgutband.de\/index.php\/wp-json\/wp\/v2\/pages\/50","targetHints":{"allow":["GET"]}}],"collection":[{"href":"https:\/\/tunichtgutband.de\/index.php\/wp-json\/wp\/v2\/pages"}],"about":[{"href":"https:\/\/tunichtgutband.de\/index.php\/wp-json\/wp\/v2\/types\/page"}],"author":[{"embeddable":true,"href":"https:\/\/tunichtgutband.de\/index.php\/wp-json\/wp\/v2\/users\/2"}],"replies":[{"embeddable":true,"href":"https:\/\/tunichtgutband.de\/index.php\/wp-json\/wp\/v2\/comments?post=50"}],"version-history":[{"count":63,"href":"https:\/\/tunichtgutband.de\/index.php\/wp-json\/wp\/v2\/pages\/50\/revisions"}],"predecessor-version":[{"id":534,"href":"https:\/\/tunichtgutband.de\/index.php\/wp-json\/wp\/v2\/pages\/50\/revisions\/534"}],"wp:attachment":[{"href":"https:\/\/tunichtgutband.de\/index.php\/wp-json\/wp\/v2\/media?parent=50"}],"curies":[{"name":"wp","href":"https:\/\/api.w.org\/{rel}","templated":true}]}}