{"id":47,"date":"2022-02-18T20:25:11","date_gmt":"2022-02-18T20:25:11","guid":{"rendered":"https:\/\/the-gassenhauers.de\/?page_id=47"},"modified":"2025-08-10T18:14:05","modified_gmt":"2025-08-10T18:14:05","slug":"presse","status":"publish","type":"page","link":"https:\/\/tunichtgutband.de\/index.php\/presse\/","title":{"rendered":"Presse"},"content":{"rendered":"\n<hr class=\"wp-block-separator has-css-opacity is-style-wide\"\/>\n\n\n\n<p>Tunichtgut ist eine aufstrebende Folkrock-Band, die mit einer wilden Mischung aus Schlachtges\u00e4ngen, schr\u00e4gen Geschichten und tanzbaren Melodien das Publikum begeistert. Ihre Musik vereint Einfl\u00fcsse aus Mittelalter-Folk, rockigen Elementen und nordisch-wilder Wikingerstimmung \u2013 ein echter Sturmritt zwischen Taverne, Thingplatz und Konzertb\u00fchne.<\/p>\n\n\n\n<p>Die sechsk\u00f6pfige Besatzung setzt auf handgemachte Musik mit Ecken und Kanten: Treibende Gitarren, eing\u00e4ngige Refrains, Geige und kr\u00e4ftiger Chorgesang schaffen einen unverwechselbaren Sound. Dabei geht es nicht nur um Met und Abenteuer \u2013 ihre Songs greifen die Tradition fahrender Spielleute auf und erz\u00e4hlen von Freundschaft, Freiheit und dem ganz normalen Wahnsinn des Lebens.<\/p>\n\n\n\n<p>Mit mitrei\u00dfender B\u00fchnenpr\u00e4senz, augenzwinkerndem Humor und jeder Menge Energie hat sich Tunichtgut in der Szene bereits einen Namen gemacht \u2013 sei es auf kleineren Festivals, in Tavernen oder auf der Dorfwiese mit Feuerkorb und Trinkhorn.<\/p>\n\n\n\n<p>2025 steht ein wichtiger Meilenstein an: Das Deb\u00fctalbum \u201eSchanktaten\u201c wird ver\u00f6ffentlicht \u2013 randvoll mit Hymnen, die live genauso gut funktionieren wie im heimischen Langhaus.<\/p>\n\n\n\n<p>Wer auf Musik mit Seele, Spa\u00df und einem Hauch nordischer Wildheit steht, sollte Tunichtgut auf keinen Fall verpassen.<\/p>\n\n\n\n<div style=\"height:45px\" aria-hidden=\"true\" class=\"wp-block-spacer\"><\/div>\n\n\n\n<hr class=\"wp-block-separator has-css-opacity is-style-wide\"\/>\n\n\n<div class=\"wp-block-image\">\n<figure class=\"aligncenter size-full\"><a href=\"https:\/\/gassenhauerscloud.de\/index.php\/s\/EWB4WNyneKowpwN\"><img decoding=\"async\" width=\"128\" height=\"128\" src=\"https:\/\/tunichtgutband.de\/wp-content\/uploads\/2022\/03\/20419_zip_icon.png\" alt=\"\" class=\"wp-image-250\" srcset=\"https:\/\/tunichtgutband.de\/wp-content\/uploads\/2022\/03\/20419_zip_icon.png 128w, https:\/\/tunichtgutband.de\/wp-content\/uploads\/2022\/03\/20419_zip_icon-75x75.png 75w\" sizes=\"(max-width: 128px) 100vw, 128px\" \/><\/a><figcaption class=\"wp-element-caption\"><strong>Pressekit <\/strong>zum downloaden<\/figcaption><\/figure>\n<\/div>\n\n\n<div style=\"height:45px\" aria-hidden=\"true\" class=\"wp-block-spacer\"><\/div>\n\n\n\n<p><\/p>\n","protected":false},"excerpt":{"rendered":"<p>Tunichtgut ist eine aufstrebende Folkrock-Band, die mit einer wilden Mischung aus Schlachtges\u00e4ngen, schr\u00e4gen Geschichten und tanzbaren Melodien das Publikum begeistert. Ihre Musik vereint Einfl\u00fcsse aus Mittelalter-Folk, rockigen Elementen und nordisch-wilder Wikingerstimmung \u2013 ein echter Sturmritt zwischen Taverne, Thingplatz und Konzertb\u00fchne. Die sechsk\u00f6pfige Besatzung setzt auf handgemachte Musik mit Ecken und Kanten: Treibende Gitarren, eing\u00e4ngige Refrains, Geige und kr\u00e4ftiger Chorgesang schaffen einen unverwechselbaren Sound. Dabei geht es nicht nur um Met und Abenteuer \u2013 ihre Songs greifen die Tradition fahrender Spielleute auf und erz\u00e4hlen von Freundschaft, Freiheit und dem ganz normalen Wahnsinn des Lebens. Mit mitrei\u00dfender B\u00fchnenpr\u00e4senz, augenzwinkerndem Humor und jeder Menge Energie hat sich Tunichtgut in der Szene bereits einen Namen gemacht \u2013 sei es auf kleineren Festivals, in Tavernen oder auf der Dorfwiese mit Feuerkorb und Trinkhorn. 2025 steht ein wichtiger Meilenstein an: Das Deb\u00fctalbum \u201eSchanktaten\u201c wird ver\u00f6ffentlicht \u2013 randvoll mit Hymnen, die live genauso gut funktionieren wie im heimischen Langhaus. Wer auf Musik mit Seele, Spa\u00df und einem Hauch nordischer Wildheit steht, sollte Tunichtgut auf keinen Fall verpassen.<\/p>\n","protected":false},"author":2,"featured_media":0,"parent":0,"menu_order":0,"comment_status":"closed","ping_status":"closed","template":"","meta":{"footnotes":""},"class_list":["post-47","page","type-page","status-publish","hentry"],"acf":[],"_links":{"self":[{"href":"https:\/\/tunichtgutband.de\/index.php\/wp-json\/wp\/v2\/pages\/47","targetHints":{"allow":["GET"]}}],"collection":[{"href":"https:\/\/tunichtgutband.de\/index.php\/wp-json\/wp\/v2\/pages"}],"about":[{"href":"https:\/\/tunichtgutband.de\/index.php\/wp-json\/wp\/v2\/types\/page"}],"author":[{"embeddable":true,"href":"https:\/\/tunichtgutband.de\/index.php\/wp-json\/wp\/v2\/users\/2"}],"replies":[{"embeddable":true,"href":"https:\/\/tunichtgutband.de\/index.php\/wp-json\/wp\/v2\/comments?post=47"}],"version-history":[{"count":18,"href":"https:\/\/tunichtgutband.de\/index.php\/wp-json\/wp\/v2\/pages\/47\/revisions"}],"predecessor-version":[{"id":536,"href":"https:\/\/tunichtgutband.de\/index.php\/wp-json\/wp\/v2\/pages\/47\/revisions\/536"}],"wp:attachment":[{"href":"https:\/\/tunichtgutband.de\/index.php\/wp-json\/wp\/v2\/media?parent=47"}],"curies":[{"name":"wp","href":"https:\/\/api.w.org\/{rel}","templated":true}]}}